{"id":38,"date":"2025-10-26T18:20:18","date_gmt":"2025-10-26T18:20:18","guid":{"rendered":"https:\/\/les-airelles.ski\/?page_id=38"},"modified":"2025-11-27T17:11:22","modified_gmt":"2025-11-27T17:11:22","slug":"a-propos-de-nous","status":"publish","type":"page","link":"https:\/\/les-airelles.ski\/index.php\/a-propos-de-nous\/","title":{"rendered":"A Propos de nous"},"content":{"rendered":"<div id=\"pl-gb38-69e59c4261015\"  class=\"panel-layout\" ><div id=\"pg-gb38-69e59c4261015-0\"  class=\"panel-grid panel-no-style\" ><div id=\"pgc-gb38-69e59c4261015-0-0\"  class=\"panel-grid-cell\" ><div id=\"panel-gb38-69e59c4261015-0-0-0\" class=\"so-panel widget widget_media_image panel-first-child panel-last-child\" data-index=\"0\" ><img loading=\"lazy\" decoding=\"async\" width=\"474\" height=\"225\" src=\"https:\/\/les-airelles.ski\/wp-content\/uploads\/2025\/10\/OIP.webp\" class=\"image wp-image-69  attachment-full size-full\" alt=\"\" style=\"max-width: 100%; height: auto;\" srcset=\"https:\/\/les-airelles.ski\/wp-content\/uploads\/2025\/10\/OIP.webp 474w, https:\/\/les-airelles.ski\/wp-content\/uploads\/2025\/10\/OIP-300x142.webp 300w\" sizes=\"auto, (max-width: 474px) 100vw, 474px\" \/><\/div><\/div><div id=\"pgc-gb38-69e59c4261015-0-1\"  class=\"panel-grid-cell\" ><div id=\"panel-gb38-69e59c4261015-0-1-0\" class=\"so-panel widget widget_text panel-first-child panel-last-child\" data-index=\"1\" ><h3 class=\"widget-title\">Nos h\u00f4tes depuis 1968&#8230;.<\/h3>\t\t\t<div class=\"textwidget\"><p>Depuis 1968, nous avons le plaisir de vous accueillir au pied des pistes.<br \/>\nL\u2019H\u00f4tel-Restaurant <em>Les Airelles<\/em> est n\u00e9 de la passion et du travail de Marcel et Sinette Gilbert-Collet. Au fil des ann\u00e9es, notre maison a vu d\u00e9filer des g\u00e9n\u00e9rations de skieurs, venus partager un plat, un caf\u00e9, un verre ou simplement un moment de convivialit\u00e9, tandis que le domaine grandissait et que l\u2019h\u00f4tel se transformait.<\/p>\n<p>Nous avons \u00e9volu\u00e9 avec le temps, mais notre envie reste la m\u00eame : vous offrir un accueil chaleureux et une exp\u00e9rience unique dans notre restaurant.<\/p>\n<p>Bienvenue et bon s\u00e9jour parmi nous !<\/p>\n<p>Patrick Gilbert-Collet<\/p>\n<p>&nbsp;<\/p>\n<\/div>\n\t\t<\/div><\/div><\/div><\/div>","protected":false},"excerpt":{"rendered":"<p>Depuis 1968, nous avons le plaisir de vous accueillir au pied des pistes. L\u2019H\u00f4tel-Restaurant Les Airelles est n\u00e9 de la passion et du travail de Marcel et Sinette Gilbert-Collet. Au fil des ann\u00e9es, notre maison a vu d\u00e9filer des g\u00e9n\u00e9rations de skieurs, venus partager un plat, un caf\u00e9, un verre ou simplement un moment de [&hellip;]<\/p>\n","protected":false},"author":1,"featured_media":0,"parent":0,"menu_order":0,"comment_status":"closed","ping_status":"closed","template":"templates\/template-full.php","meta":{"footnotes":""},"class_list":["post-38","page","type-page","status-publish","hentry","post"],"_links":{"self":[{"href":"https:\/\/les-airelles.ski\/index.php\/wp-json\/wp\/v2\/pages\/38","targetHints":{"allow":["GET"]}}],"collection":[{"href":"https:\/\/les-airelles.ski\/index.php\/wp-json\/wp\/v2\/pages"}],"about":[{"href":"https:\/\/les-airelles.ski\/index.php\/wp-json\/wp\/v2\/types\/page"}],"author":[{"embeddable":true,"href":"https:\/\/les-airelles.ski\/index.php\/wp-json\/wp\/v2\/users\/1"}],"replies":[{"embeddable":true,"href":"https:\/\/les-airelles.ski\/index.php\/wp-json\/wp\/v2\/comments?post=38"}],"version-history":[{"count":4,"href":"https:\/\/les-airelles.ski\/index.php\/wp-json\/wp\/v2\/pages\/38\/revisions"}],"predecessor-version":[{"id":134,"href":"https:\/\/les-airelles.ski\/index.php\/wp-json\/wp\/v2\/pages\/38\/revisions\/134"}],"wp:attachment":[{"href":"https:\/\/les-airelles.ski\/index.php\/wp-json\/wp\/v2\/media?parent=38"}],"curies":[{"name":"wp","href":"https:\/\/api.w.org\/{rel}","templated":true}]}}